{"id":4402,"date":"2025-11-07T17:53:56","date_gmt":"2025-11-07T17:53:56","guid":{"rendered":"http:\/\/utrinitas-m.co.id\/product\/optical-fiber-identifier\/"},"modified":"2025-11-10T08:28:36","modified_gmt":"2025-11-10T08:28:36","slug":"optical-fiber-identifier","status":"publish","type":"product","link":"https:\/\/www.utrinitas-m.co.id\/en\/product\/optical-fiber-identifier\/","title":{"rendered":"Optical Fiber Identifier"},"content":{"rendered":"<div class=\"wp-block-gutena-tabs gutena-tabs-block gutena-tabs-block-8f09a8-fd\"><ul class=\"gutena-tabs-tab tab-left\"><li class=\"gutena-tab-title active\" data-tab=\"1\"><div class=\"gutena-tab-title-content icon-top\"><div class=\"gutena-tab-title-text\"><div>Product Features<\/div><\/div><\/div><\/li><li class=\"gutena-tab-title inactive\" data-tab=\"2\"><div class=\"gutena-tab-title-content icon-top\"><div class=\"gutena-tab-title-text\"><div>Product Specification<\/div><\/div><\/div><\/li><\/ul><div class=\"gutena-tabs-content is-layout-flow wp-block-gutena-tabs-is-layout-flow\">\n<div class=\"wp-block-gutena-tab gutena-tab-block gutena-tab-block-b07270-76 active\" data-tab=\"1\">\n<p class=\"translation-block\">\u00c3\u00a2\u00e2\u201a\u00ac\u00c2\u00a2 4 easily replaceable chucks for: bare fiber, patch cables &amp; ribbon fiber<br>\u00c3\u00a2\u00e2\u201a\u00ac\u00c2\u00a2 Identifies 3 common test tones<br>\u00c3\u00a2\u00e2\u201a\u00ac\u00c2\u00a2 Identifies dominant traffic direction, audible alarm<br>\u00c3\u00a2\u00e2\u201a\u00ac\u00c2\u00a2 Estimates core power reading<br>\u00c3\u00a2\u00e2\u201a\u00ac\u00c2\u00a2 Low false detection &amp; insertion loss<br>\u00c3\u00a2\u00e2\u201a\u00ac\u00c2\u00a2 Very easy to operate<br>\u00c3\u00a2\u00e2\u201a\u00ac\u00c2\u00a2 Low battery indication<\/p>\n<\/div>\n\n\n\n<div class=\"wp-block-gutena-tab gutena-tab-block gutena-tab-block-0549ea-bf inactive\" data-tab=\"2\">\n<figure class=\"wp-block-table\"><table class=\"has-fixed-layout\"><tbody><tr><td>Fiber Types<\/td><td>0.9, 0.25, 2.0, 3.0 mm SM  bers<\/td><\/tr><tr><td>Wavelength Range<\/td><td>800~1700nm<\/td><\/tr><tr><td>Recognizable signal type<\/td><td>2kHz, 1kHz, 270Hz<\/td><\/tr><tr><td>Detector Type<\/td><td>InGaAs 2pcs<\/td><\/tr><tr><td>Accuracy<\/td><td>+10dB to -30 dBm (Continuous Wave) \/+10dB to -25 dBm (Modulated Signal)<\/td><\/tr><tr><td>Sensitivity<\/td><td>+10~-50dBm<\/td><\/tr><tr><td>Size<\/td><td>195\u00c3\u0192\u00e2\u20ac\u201d30\u00c3\u0192\u00e2\u20ac\u201d27 mm<\/td><\/tr><tr><td>Weight<\/td><td>200 g<\/td><\/tr><\/tbody><\/table><\/figure>\n<\/div>\n<\/div><\/div>","protected":false},"excerpt":{"rendered":"<p class=\"translation-block\"><span>The Optical Fiber Identifier can quickly identify the direction of transmitted fiber and display the relative core power without<\/span><br><span>damaging the bent fiber. When traffic is present, an audible tone is intermittently activated. The optical fiber identifier also<\/span><br><span>recognizes modulations such as 270Hz, 1kHz, and 2kHz. When used to detect frequency,<\/span><br><span>the audible tone is continuously activated. Four adapter heads are available: \u00c3\u0192\u00cb\u01530.25, \u00c3\u0192\u00cb\u01530.9, \u00c3\u0192\u00cb\u01532.0, and \u00c3\u0192\u00cb\u01533.0. The JW3306B optical fiber identifier<\/span><br><span>is powered by an alkaline battery.<\/span><\/p>","protected":false},"featured_media":2359,"comment_status":"open","ping_status":"closed","template":"","meta":[],"product_brand":[],"product_cat":[243,266],"product_tag":[],"class_list":{"0":"post-4402","1":"product","2":"type-product","3":"status-publish","4":"has-post-thumbnail","6":"product_cat-fiber-optic-3","7":"product_cat-fiber-tester-tool-2","8":"entry","10":"first","11":"instock","12":"shipping-taxable","13":"product-type-simple"},"yoast_head":"<!-- This site is optimized with the Yoast SEO plugin v26.5 - https:\/\/yoast.com\/wordpress\/plugins\/seo\/ -->\n<title>Optical Fiber Identifier - PT Usaha Trinitas Makmur<\/title>\n<meta name=\"robots\" content=\"index, follow, max-snippet:-1, max-image-preview:large, max-video-preview:-1\" \/>\n<link rel=\"canonical\" href=\"https:\/\/www.utrinitas-m.co.id\/en\/product\/optical-fiber-identifier\/\" \/>\n<meta property=\"og:locale\" content=\"en_US\" \/>\n<meta property=\"og:type\" content=\"article\" \/>\n<meta property=\"og:title\" content=\"Optical Fiber Identifier - PT Usaha Trinitas Makmur\" \/>\n<meta property=\"og:description\" content=\"Pengenal Serat Optik dapat dengan cepat mengidentifikasi arah serat yang ditransmisikan dan menampilkan daya inti relatif tanpakerusakan pada serat yang tertekuk. Saat lalu lintas ada, nada yang dapat didengar sebentar-sebentar diaktifkan. Pengenal serat optik jugamengenali modulasi seperti 270Hz, 1kHz, dan 2kHz. Saat digunakan untuk mendeteksi frekuensi,nada yang dapat didengar terus-menerus diaktifkan. Ada empat kepala adaptor yang tersedia: \u00c3\u0192\u00cb\u01530.25, \u00c3\u0192\u00cb\u01530.9, \u00c3\u0192\u00cb\u01532.0, dan \u00c3\u0192\u00cb\u01533.0. Pengenal serat optik JW3306Bditenagai oleh baterai alkaline.\" \/>\n<meta property=\"og:url\" content=\"https:\/\/www.utrinitas-m.co.id\/en\/product\/optical-fiber-identifier\/\" \/>\n<meta property=\"og:site_name\" content=\"PT Usaha Trinitas Makmur\" \/>\n<meta property=\"article:publisher\" content=\"https:\/\/www.facebook.com\/profile.php?id=61561130462800\" \/>\n<meta property=\"article:modified_time\" content=\"2025-11-10T08:28:36+00:00\" \/>\n<meta property=\"og:image\" content=\"https:\/\/www.utrinitas-m.co.id\/wp-content\/uploads\/2024\/11\/OPTICAL-FIBER-IDENTIFIER-1.jpg\" \/>\n\t<meta property=\"og:image:width\" content=\"567\" \/>\n\t<meta property=\"og:image:height\" content=\"283\" \/>\n\t<meta property=\"og:image:type\" content=\"image\/jpeg\" \/>\n<meta name=\"twitter:card\" content=\"summary_large_image\" \/>\n<script type=\"application\/ld+json\" class=\"yoast-schema-graph\">{\"@context\":\"https:\/\/schema.org\",\"@graph\":[{\"@type\":\"WebPage\",\"@id\":\"https:\/\/www.utrinitas-m.co.id\/product\/optical-fiber-identifier\/\",\"url\":\"https:\/\/www.utrinitas-m.co.id\/product\/optical-fiber-identifier\/\",\"name\":\"Optical Fiber Identifier - PT Usaha Trinitas Makmur\",\"isPartOf\":{\"@id\":\"https:\/\/utrinitas-m.co.id\/en\/#website\"},\"primaryImageOfPage\":{\"@id\":\"https:\/\/www.utrinitas-m.co.id\/product\/optical-fiber-identifier\/#primaryimage\"},\"image\":{\"@id\":\"https:\/\/www.utrinitas-m.co.id\/product\/optical-fiber-identifier\/#primaryimage\"},\"thumbnailUrl\":\"https:\/\/www.utrinitas-m.co.id\/wp-content\/uploads\/2024\/11\/OPTICAL-FIBER-IDENTIFIER-1.jpg\",\"datePublished\":\"2025-11-07T17:53:56+00:00\",\"dateModified\":\"2025-11-10T08:28:36+00:00\",\"breadcrumb\":{\"@id\":\"https:\/\/www.utrinitas-m.co.id\/product\/optical-fiber-identifier\/#breadcrumb\"},\"inLanguage\":\"en-US\",\"potentialAction\":[{\"@type\":\"ReadAction\",\"target\":[\"https:\/\/www.utrinitas-m.co.id\/product\/optical-fiber-identifier\/\"]}]},{\"@type\":\"ImageObject\",\"inLanguage\":\"en-US\",\"@id\":\"https:\/\/www.utrinitas-m.co.id\/product\/optical-fiber-identifier\/#primaryimage\",\"url\":\"https:\/\/www.utrinitas-m.co.id\/wp-content\/uploads\/2024\/11\/OPTICAL-FIBER-IDENTIFIER-1.jpg\",\"contentUrl\":\"https:\/\/www.utrinitas-m.co.id\/wp-content\/uploads\/2024\/11\/OPTICAL-FIBER-IDENTIFIER-1.jpg\",\"width\":567,\"height\":283},{\"@type\":\"BreadcrumbList\",\"@id\":\"https:\/\/www.utrinitas-m.co.id\/product\/optical-fiber-identifier\/#breadcrumb\",\"itemListElement\":[{\"@type\":\"ListItem\",\"position\":1,\"name\":\"Home\",\"item\":\"https:\/\/utrinitas-m.co.id\/\"},{\"@type\":\"ListItem\",\"position\":2,\"name\":\"Shop\",\"item\":\"https:\/\/utrinitas-m.co.id\/en\/shop\/\"},{\"@type\":\"ListItem\",\"position\":3,\"name\":\"Optical Fiber Identifier\"}]},{\"@type\":\"WebSite\",\"@id\":\"https:\/\/utrinitas-m.co.id\/en\/#website\",\"url\":\"https:\/\/utrinitas-m.co.id\/en\/\",\"name\":\"PT Usaha Trinitas Makmur\",\"description\":\"PT Usaha Trinitas Makmur BERSIAP MENUJU TELEKOMUNIKASI MASA DEPAN\",\"potentialAction\":[{\"@type\":\"SearchAction\",\"target\":{\"@type\":\"EntryPoint\",\"urlTemplate\":\"https:\/\/utrinitas-m.co.id\/en\/?s={search_term_string}\"},\"query-input\":{\"@type\":\"PropertyValueSpecification\",\"valueRequired\":true,\"valueName\":\"search_term_string\"}}],\"inLanguage\":\"en-US\"}]}<\/script>\n<!-- \/ Yoast SEO plugin. -->","yoast_head_json":{"title":"Optical Fiber Identifier - PT Usaha Trinitas Makmur","robots":{"index":"index","follow":"follow","max-snippet":"max-snippet:-1","max-image-preview":"max-image-preview:large","max-video-preview":"max-video-preview:-1"},"canonical":"https:\/\/www.utrinitas-m.co.id\/en\/product\/optical-fiber-identifier\/","og_locale":"en_US","og_type":"article","og_title":"Optical Fiber Identifier - PT Usaha Trinitas Makmur","og_description":"Pengenal Serat Optik dapat dengan cepat mengidentifikasi arah serat yang ditransmisikan dan menampilkan daya inti relatif tanpakerusakan pada serat yang tertekuk. Saat lalu lintas ada, nada yang dapat didengar sebentar-sebentar diaktifkan. Pengenal serat optik jugamengenali modulasi seperti 270Hz, 1kHz, dan 2kHz. Saat digunakan untuk mendeteksi frekuensi,nada yang dapat didengar terus-menerus diaktifkan. Ada empat kepala adaptor yang tersedia: \u00c3\u0192\u00cb\u01530.25, \u00c3\u0192\u00cb\u01530.9, \u00c3\u0192\u00cb\u01532.0, dan \u00c3\u0192\u00cb\u01533.0. Pengenal serat optik JW3306Bditenagai oleh baterai alkaline.","og_url":"https:\/\/www.utrinitas-m.co.id\/en\/product\/optical-fiber-identifier\/","og_site_name":"PT Usaha Trinitas Makmur","article_publisher":"https:\/\/www.facebook.com\/profile.php?id=61561130462800","article_modified_time":"2025-11-10T08:28:36+00:00","og_image":[{"width":567,"height":283,"url":"https:\/\/www.utrinitas-m.co.id\/wp-content\/uploads\/2024\/11\/OPTICAL-FIBER-IDENTIFIER-1.jpg","type":"image\/jpeg"}],"twitter_card":"summary_large_image","schema":{"@context":"https:\/\/schema.org","@graph":[{"@type":"WebPage","@id":"https:\/\/www.utrinitas-m.co.id\/product\/optical-fiber-identifier\/","url":"https:\/\/www.utrinitas-m.co.id\/product\/optical-fiber-identifier\/","name":"Optical Fiber Identifier - PT Usaha Trinitas Makmur","isPartOf":{"@id":"https:\/\/utrinitas-m.co.id\/en\/#website"},"primaryImageOfPage":{"@id":"https:\/\/www.utrinitas-m.co.id\/product\/optical-fiber-identifier\/#primaryimage"},"image":{"@id":"https:\/\/www.utrinitas-m.co.id\/product\/optical-fiber-identifier\/#primaryimage"},"thumbnailUrl":"https:\/\/www.utrinitas-m.co.id\/wp-content\/uploads\/2024\/11\/OPTICAL-FIBER-IDENTIFIER-1.jpg","datePublished":"2025-11-07T17:53:56+00:00","dateModified":"2025-11-10T08:28:36+00:00","breadcrumb":{"@id":"https:\/\/www.utrinitas-m.co.id\/product\/optical-fiber-identifier\/#breadcrumb"},"inLanguage":"en-US","potentialAction":[{"@type":"ReadAction","target":["https:\/\/www.utrinitas-m.co.id\/product\/optical-fiber-identifier\/"]}]},{"@type":"ImageObject","inLanguage":"en-US","@id":"https:\/\/www.utrinitas-m.co.id\/product\/optical-fiber-identifier\/#primaryimage","url":"https:\/\/www.utrinitas-m.co.id\/wp-content\/uploads\/2024\/11\/OPTICAL-FIBER-IDENTIFIER-1.jpg","contentUrl":"https:\/\/www.utrinitas-m.co.id\/wp-content\/uploads\/2024\/11\/OPTICAL-FIBER-IDENTIFIER-1.jpg","width":567,"height":283},{"@type":"BreadcrumbList","@id":"https:\/\/www.utrinitas-m.co.id\/product\/optical-fiber-identifier\/#breadcrumb","itemListElement":[{"@type":"ListItem","position":1,"name":"Home","item":"https:\/\/utrinitas-m.co.id\/"},{"@type":"ListItem","position":2,"name":"Shop","item":"https:\/\/utrinitas-m.co.id\/en\/shop\/"},{"@type":"ListItem","position":3,"name":"Optical Fiber Identifier"}]},{"@type":"WebSite","@id":"https:\/\/utrinitas-m.co.id\/en\/#website","url":"https:\/\/utrinitas-m.co.id\/en\/","name":"PT Usaha Trinitas Makmur","description":"PT Usaha Trinitas Makmur READY FOR THE FUTURE OF TELECOMMUNICATIONS","potentialAction":[{"@type":"SearchAction","target":{"@type":"EntryPoint","urlTemplate":"https:\/\/utrinitas-m.co.id\/en\/?s={search_term_string}"},"query-input":{"@type":"PropertyValueSpecification","valueRequired":true,"valueName":"search_term_string"}}],"inLanguage":"en-US"}]}},"_links":{"self":[{"href":"https:\/\/www.utrinitas-m.co.id\/en\/wp-json\/wp\/v2\/product\/4402","targetHints":{"allow":["GET"]}}],"collection":[{"href":"https:\/\/www.utrinitas-m.co.id\/en\/wp-json\/wp\/v2\/product"}],"about":[{"href":"https:\/\/www.utrinitas-m.co.id\/en\/wp-json\/wp\/v2\/types\/product"}],"replies":[{"embeddable":true,"href":"https:\/\/www.utrinitas-m.co.id\/en\/wp-json\/wp\/v2\/comments?post=4402"}],"wp:featuredmedia":[{"embeddable":true,"href":"https:\/\/www.utrinitas-m.co.id\/en\/wp-json\/wp\/v2\/media\/2359"}],"wp:attachment":[{"href":"https:\/\/www.utrinitas-m.co.id\/en\/wp-json\/wp\/v2\/media?parent=4402"}],"wp:term":[{"taxonomy":"product_brand","embeddable":true,"href":"https:\/\/www.utrinitas-m.co.id\/en\/wp-json\/wp\/v2\/product_brand?post=4402"},{"taxonomy":"product_cat","embeddable":true,"href":"https:\/\/www.utrinitas-m.co.id\/en\/wp-json\/wp\/v2\/product_cat?post=4402"},{"taxonomy":"product_tag","embeddable":true,"href":"https:\/\/www.utrinitas-m.co.id\/en\/wp-json\/wp\/v2\/product_tag?post=4402"}],"curies":[{"name":"wp","href":"https:\/\/api.w.org\/{rel}","templated":true}]}}